{"id":1464,"date":"2026-03-27T14:46:17","date_gmt":"2026-03-27T14:46:17","guid":{"rendered":"https:\/\/expeditech.nl\/product\/trekhaakverlenger-voor-fietsendrager-35cm-schroefmontage\/"},"modified":"2026-05-02T05:46:38","modified_gmt":"2026-05-02T05:46:38","slug":"trekhaakverlenger-voor-fietsendrager-35cm-schroefmontage","status":"publish","type":"product","link":"https:\/\/expeditech.nl\/de\/product\/trekhaakverlenger-voor-fietsendrager-35cm-schroefmontage\/","title":{"rendered":"Anh\u00e4ngerkupplungsverl\u00e4ngerung f\u00fcr Fahrradtr\u00e4ger 35 cm \u2014 Schraubmontage"},"content":{"rendered":"<p><strong>Expeditech Anh\u00e4ngerkupplungsverl\u00e4ngerung 35 cm \u2014 Schraubmontage<\/strong><\/p>\n<p>Bei einem Land Rover Defender und vielen anderen 4\u00d74-Gel\u00e4ndewagen steht das Reserverad einem Fahrradtr\u00e4ger im Weg. Unsere Anh\u00e4ngerkupplungsverl\u00e4ngerung verlegt die Kugelkopfkupplung um <strong>35cm<\/strong> nach hinten. Das sind <strong>10 cm mehr als die meisten Mitbewerber<\/strong> die nur 25 cm bieten. 25 cm sind an einem Land Rover Defender oft zu kurz \u2014 unsere 35 cm sorgen daf\u00fcr, dass jeder Standard-Fahrradtr\u00e4ger am New Defender (L663) und am Classic Defender wirklich problemlos passt.<\/p>\n<p>So kann jeder handels\u00fcbliche Fahrradtr\u00e4ger problemlos montiert werden. Tragkraft bis 75 kg, genug f\u00fcr 2 bis 3 R\u00e4der inklusive E-Bikes.<\/p>\n<p><strong>Schraubmontage:<\/strong> Sichern Sie die Befestigung mit der mitgelieferten Schraube. Einmal montiert, ist sie fest fixiert.<\/p>\n<p>Auch an normalen PKWs, Wohnmobilen und Bussen praktisch \u2014 die Heckklappe oder Heckt\u00fcr l\u00e4sst sich oft \u00f6ffnen, ohne die Fahrr\u00e4der oder den Tr\u00e4ger zuerst abnehmen zu m\u00fcssen.<\/p>\n<p><strong>Universell<\/strong> \u2014 passt auf jede Anh\u00e4ngerkupplung mit ISO-50-mm-Kugel.<br \/>Nicht zum Ziehen von Anh\u00e4ngern geeignet.<\/p>\n<p>\u2705 <strong>Kostenloser Versand<\/strong> in ganz Europa<br \/>\u2705 Ideal f\u00fcr den <strong>New Defender (L663)<\/strong> und <strong>Classic Defender<\/strong><br \/>\u2705 Auch geeignet f\u00fcr Wohnmobile, Busse und Pick-ups<br \/>\u2705 35 cm lang \u2014 10 cm mehr als die Konkurrenz<\/p>","protected":false},"excerpt":{"rendered":"<p>Universelle Anh\u00e4ngerkupplungsverl\u00e4ngerung (35 cm) mit Schraubmontage f\u00fcr Standard-Fahrradtr\u00e4ger an Fahrzeugen mit Reserverad am Heck. 10 cm mehr als die meisten Alternativen \u2014 ideal f\u00fcr den Land Rover New Defender (L663) und den Classic Defender. Passt auf jede Anh\u00e4ngerkupplung mit ISO-50-mm-Kugel. Kostenloser Versand in ganz Europa!<\/p>","protected":false},"featured_media":1547,"template":"","meta":[],"product_brand":[],"product_cat":[33],"product_tag":[],"class_list":{"0":"post-1464","1":"product","2":"type-product","3":"status-publish","4":"has-post-thumbnail","6":"product_cat-trekhaakverlengers","7":"product_shipping_class-gratis-verzending","9":"first","10":"instock","11":"taxable","12":"shipping-taxable","13":"purchasable","14":"product-type-simple"},"yoast_head":"<!-- This site is optimized with the Yoast SEO plugin v27.2 - https:\/\/yoast.com\/product\/yoast-seo-wordpress\/ -->\n<title>Trekhaakverlenger 35cm schroefmontage voor fietsendrager | Expeditech<\/title>\n<meta name=\"description\" content=\"Universele trekhaakverlenger 35cm met schroefmontage. 10cm langer dan de meeste alternatieven. Past op vrijwel alle trekhaak-fietsendragers. Bestel bij Expeditech.\" \/>\n<meta name=\"robots\" content=\"index, follow, max-snippet:-1, max-image-preview:large, max-video-preview:-1\" \/>\n<link rel=\"canonical\" href=\"https:\/\/expeditech.nl\/de\/product\/trekhaakverlenger-voor-fietsendrager-35cm-schroefmontage\/\" \/>\n<meta property=\"og:locale\" content=\"de_DE\" \/>\n<meta property=\"og:type\" content=\"article\" \/>\n<meta property=\"og:title\" content=\"Trekhaakverlenger 35cm schroefmontage voor fietsendrager | Expeditech\" \/>\n<meta property=\"og:description\" content=\"Universele trekhaakverlenger 35cm met schroefmontage. 10cm langer dan de meeste alternatieven. Past op vrijwel alle trekhaak-fietsendragers. Bestel bij Expeditech.\" \/>\n<meta property=\"og:url\" content=\"https:\/\/expeditech.nl\/de\/product\/trekhaakverlenger-voor-fietsendrager-35cm-schroefmontage\/\" \/>\n<meta property=\"og:site_name\" content=\"Expeditech reistechniek\" \/>\n<meta property=\"article:publisher\" content=\"http:\/\/www.faceboo.com\/expeditech\" \/>\n<meta property=\"article:modified_time\" content=\"2026-05-02T05:46:38+00:00\" \/>\n<meta property=\"og:image\" content=\"https:\/\/expeditech.nl\/wp-content\/uploads\/2026\/03\/schroef-1-1.png\" \/>\n\t<meta property=\"og:image:width\" content=\"2542\" \/>\n\t<meta property=\"og:image:height\" content=\"2542\" \/>\n\t<meta property=\"og:image:type\" content=\"image\/png\" \/>\n<meta name=\"twitter:card\" content=\"summary_large_image\" \/>\n<meta name=\"twitter:label1\" content=\"Gesch\u00e4tzte Lesezeit\" \/>\n\t<meta name=\"twitter:data1\" content=\"1\u00a0Minute\" \/>\n<script type=\"application\/ld+json\" class=\"yoast-schema-graph\">{\"@context\":\"https:\/\/schema.org\",\"@graph\":[{\"@type\":\"WebPage\",\"@id\":\"https:\/\/expeditech.nl\/product\/trekhaakverlenger-voor-fietsendrager-35cm-schroefmontage\/\",\"url\":\"https:\/\/expeditech.nl\/product\/trekhaakverlenger-voor-fietsendrager-35cm-schroefmontage\/\",\"name\":\"Trekhaakverlenger 35cm schroefmontage voor fietsendrager | Expeditech\",\"isPartOf\":{\"@id\":\"https:\/\/expeditech.nl\/#website\"},\"primaryImageOfPage\":{\"@id\":\"https:\/\/expeditech.nl\/product\/trekhaakverlenger-voor-fietsendrager-35cm-schroefmontage\/#primaryimage\"},\"image\":{\"@id\":\"https:\/\/expeditech.nl\/product\/trekhaakverlenger-voor-fietsendrager-35cm-schroefmontage\/#primaryimage\"},\"thumbnailUrl\":\"https:\/\/expeditech.nl\/wp-content\/uploads\/2026\/03\/schroef-1-1.png\",\"datePublished\":\"2026-03-27T14:46:17+00:00\",\"dateModified\":\"2026-05-02T05:46:38+00:00\",\"description\":\"Universele trekhaakverlenger 35cm met schroefmontage. 10cm langer dan de meeste alternatieven. Past op vrijwel alle trekhaak-fietsendragers. Bestel bij Expeditech.\",\"breadcrumb\":{\"@id\":\"https:\/\/expeditech.nl\/product\/trekhaakverlenger-voor-fietsendrager-35cm-schroefmontage\/#breadcrumb\"},\"inLanguage\":\"de\",\"potentialAction\":[{\"@type\":\"ReadAction\",\"target\":[\"https:\/\/expeditech.nl\/product\/trekhaakverlenger-voor-fietsendrager-35cm-schroefmontage\/\"]}]},{\"@type\":\"ImageObject\",\"inLanguage\":\"de\",\"@id\":\"https:\/\/expeditech.nl\/product\/trekhaakverlenger-voor-fietsendrager-35cm-schroefmontage\/#primaryimage\",\"url\":\"https:\/\/expeditech.nl\/wp-content\/uploads\/2026\/03\/schroef-1-1.png\",\"contentUrl\":\"https:\/\/expeditech.nl\/wp-content\/uploads\/2026\/03\/schroef-1-1.png\",\"width\":2542,\"height\":2542,\"caption\":\"Expeditech trekhaakverlenger 35cm schroefmontage\"},{\"@type\":\"BreadcrumbList\",\"@id\":\"https:\/\/expeditech.nl\/product\/trekhaakverlenger-voor-fietsendrager-35cm-schroefmontage\/#breadcrumb\",\"itemListElement\":[{\"@type\":\"ListItem\",\"position\":1,\"name\":\"Home\",\"item\":\"https:\/\/expeditech.nl\/\"},{\"@type\":\"ListItem\",\"position\":2,\"name\":\"Shop\",\"item\":\"https:\/\/expeditech.nl\/shop\/\"},{\"@type\":\"ListItem\",\"position\":3,\"name\":\"Trekhaakverlenger voor fietsendrager 35cm schroefmontage\"}]},{\"@type\":\"WebSite\",\"@id\":\"https:\/\/expeditech.nl\/#website\",\"url\":\"https:\/\/expeditech.nl\/\",\"name\":\"Expeditech reistechniek\",\"description\":\"Defender hefdaken en reisprodukten\",\"publisher\":{\"@id\":\"https:\/\/expeditech.nl\/#organization\"},\"potentialAction\":[{\"@type\":\"SearchAction\",\"target\":{\"@type\":\"EntryPoint\",\"urlTemplate\":\"https:\/\/expeditech.nl\/?s={search_term_string}\"},\"query-input\":{\"@type\":\"PropertyValueSpecification\",\"valueRequired\":true,\"valueName\":\"search_term_string\"}}],\"inLanguage\":\"de\"},{\"@type\":\"Organization\",\"@id\":\"https:\/\/expeditech.nl\/#organization\",\"name\":\"Expeditech reistechniek\",\"url\":\"https:\/\/expeditech.nl\/\",\"logo\":{\"@type\":\"ImageObject\",\"inLanguage\":\"de\",\"@id\":\"https:\/\/expeditech.nl\/#\/schema\/logo\/image\/\",\"url\":\"https:\/\/expeditech.nl\/wp-content\/uploads\/2021\/10\/Asset-1.png\",\"contentUrl\":\"https:\/\/expeditech.nl\/wp-content\/uploads\/2021\/10\/Asset-1.png\",\"width\":595,\"height\":123,\"caption\":\"Expeditech reistechniek\"},\"image\":{\"@id\":\"https:\/\/expeditech.nl\/#\/schema\/logo\/image\/\"},\"sameAs\":[\"http:\/\/www.faceboo.com\/expeditech\"]}]}<\/script>\n<!-- \/ Yoast SEO plugin. -->","yoast_head_json":{"title":"Anh\u00e4ngerkupplungsverl\u00e4ngerung 35 cm mit Schraubmontage f\u00fcr Fahrradtr\u00e4ger | Expeditech","description":"Universelle Anh\u00e4ngerkupplungsverl\u00e4ngerung 35 cm mit Schraubmontage. 10 cm mehr als die meisten Alternativen. Passt auf fast jeden Kugelkopfkupplungs-Fahrradtr\u00e4ger. Bestellen Sie bei Expeditech.","robots":{"index":"index","follow":"follow","max-snippet":"max-snippet:-1","max-image-preview":"max-image-preview:large","max-video-preview":"max-video-preview:-1"},"canonical":"https:\/\/expeditech.nl\/de\/product\/trekhaakverlenger-voor-fietsendrager-35cm-schroefmontage\/","og_locale":"de_DE","og_type":"article","og_title":"Trekhaakverlenger 35cm schroefmontage voor fietsendrager | Expeditech","og_description":"Universele trekhaakverlenger 35cm met schroefmontage. 10cm langer dan de meeste alternatieven. Past op vrijwel alle trekhaak-fietsendragers. Bestel bij Expeditech.","og_url":"https:\/\/expeditech.nl\/de\/product\/trekhaakverlenger-voor-fietsendrager-35cm-schroefmontage\/","og_site_name":"Expeditech reistechniek","article_publisher":"http:\/\/www.faceboo.com\/expeditech","article_modified_time":"2026-05-02T05:46:38+00:00","og_image":[{"width":2542,"height":2542,"url":"https:\/\/expeditech.nl\/wp-content\/uploads\/2026\/03\/schroef-1-1.png","type":"image\/png"}],"twitter_card":"summary_large_image","twitter_misc":{"Gesch\u00e4tzte Lesezeit":"1\u00a0Minute"},"schema":{"@context":"https:\/\/schema.org","@graph":[{"@type":"WebPage","@id":"https:\/\/expeditech.nl\/product\/trekhaakverlenger-voor-fietsendrager-35cm-schroefmontage\/","url":"https:\/\/expeditech.nl\/product\/trekhaakverlenger-voor-fietsendrager-35cm-schroefmontage\/","name":"Anh\u00e4ngerkupplungsverl\u00e4ngerung 35 cm mit Schraubmontage f\u00fcr Fahrradtr\u00e4ger | Expeditech","isPartOf":{"@id":"https:\/\/expeditech.nl\/#website"},"primaryImageOfPage":{"@id":"https:\/\/expeditech.nl\/product\/trekhaakverlenger-voor-fietsendrager-35cm-schroefmontage\/#primaryimage"},"image":{"@id":"https:\/\/expeditech.nl\/product\/trekhaakverlenger-voor-fietsendrager-35cm-schroefmontage\/#primaryimage"},"thumbnailUrl":"https:\/\/expeditech.nl\/wp-content\/uploads\/2026\/03\/schroef-1-1.png","datePublished":"2026-03-27T14:46:17+00:00","dateModified":"2026-05-02T05:46:38+00:00","description":"Universelle Anh\u00e4ngerkupplungsverl\u00e4ngerung 35 cm mit Schraubmontage. 10 cm mehr als die meisten Alternativen. Passt auf fast jeden Kugelkopfkupplungs-Fahrradtr\u00e4ger. Bestellen Sie bei Expeditech.","breadcrumb":{"@id":"https:\/\/expeditech.nl\/product\/trekhaakverlenger-voor-fietsendrager-35cm-schroefmontage\/#breadcrumb"},"inLanguage":"de","potentialAction":[{"@type":"ReadAction","target":["https:\/\/expeditech.nl\/product\/trekhaakverlenger-voor-fietsendrager-35cm-schroefmontage\/"]}]},{"@type":"ImageObject","inLanguage":"de","@id":"https:\/\/expeditech.nl\/product\/trekhaakverlenger-voor-fietsendrager-35cm-schroefmontage\/#primaryimage","url":"https:\/\/expeditech.nl\/wp-content\/uploads\/2026\/03\/schroef-1-1.png","contentUrl":"https:\/\/expeditech.nl\/wp-content\/uploads\/2026\/03\/schroef-1-1.png","width":2542,"height":2542,"caption":"Expeditech trekhaakverlenger 35cm schroefmontage"},{"@type":"BreadcrumbList","@id":"https:\/\/expeditech.nl\/product\/trekhaakverlenger-voor-fietsendrager-35cm-schroefmontage\/#breadcrumb","itemListElement":[{"@type":"ListItem","position":1,"name":"Home","item":"https:\/\/expeditech.nl\/"},{"@type":"ListItem","position":2,"name":"Shop","item":"https:\/\/expeditech.nl\/shop\/"},{"@type":"ListItem","position":3,"name":"Trekhaakverlenger voor fietsendrager 35cm schroefmontage"}]},{"@type":"WebSite","@id":"https:\/\/expeditech.nl\/#website","url":"https:\/\/expeditech.nl\/","name":"Expeditech-Reisetechnologie","description":"Defender Aufstelld\u00e4cher und Reiseprodukte","publisher":{"@id":"https:\/\/expeditech.nl\/#organization"},"potentialAction":[{"@type":"SearchAction","target":{"@type":"EntryPoint","urlTemplate":"https:\/\/expeditech.nl\/?s={search_term_string}"},"query-input":{"@type":"PropertyValueSpecification","valueRequired":true,"valueName":"search_term_string"}}],"inLanguage":"de"},{"@type":"Organization","@id":"https:\/\/expeditech.nl\/#organization","name":"Expeditech-Reisetechnologie","url":"https:\/\/expeditech.nl\/","logo":{"@type":"ImageObject","inLanguage":"de","@id":"https:\/\/expeditech.nl\/#\/schema\/logo\/image\/","url":"https:\/\/expeditech.nl\/wp-content\/uploads\/2021\/10\/Asset-1.png","contentUrl":"https:\/\/expeditech.nl\/wp-content\/uploads\/2021\/10\/Asset-1.png","width":595,"height":123,"caption":"Expeditech reistechniek"},"image":{"@id":"https:\/\/expeditech.nl\/#\/schema\/logo\/image\/"},"sameAs":["http:\/\/www.faceboo.com\/expeditech"]}]}},"_links":{"self":[{"href":"https:\/\/expeditech.nl\/de\/wp-json\/wp\/v2\/product\/1464","targetHints":{"allow":["GET"]}}],"collection":[{"href":"https:\/\/expeditech.nl\/de\/wp-json\/wp\/v2\/product"}],"about":[{"href":"https:\/\/expeditech.nl\/de\/wp-json\/wp\/v2\/types\/product"}],"wp:featuredmedia":[{"embeddable":true,"href":"https:\/\/expeditech.nl\/de\/wp-json\/wp\/v2\/media\/1547"}],"wp:attachment":[{"href":"https:\/\/expeditech.nl\/de\/wp-json\/wp\/v2\/media?parent=1464"}],"wp:term":[{"taxonomy":"product_brand","embeddable":true,"href":"https:\/\/expeditech.nl\/de\/wp-json\/wp\/v2\/product_brand?post=1464"},{"taxonomy":"product_cat","embeddable":true,"href":"https:\/\/expeditech.nl\/de\/wp-json\/wp\/v2\/product_cat?post=1464"},{"taxonomy":"product_tag","embeddable":true,"href":"https:\/\/expeditech.nl\/de\/wp-json\/wp\/v2\/product_tag?post=1464"}],"curies":[{"name":"wp","href":"https:\/\/api.w.org\/{rel}","templated":true}]}}