{"id":1589,"date":"2026-03-30T07:05:42","date_gmt":"2026-03-30T07:05:42","guid":{"rendered":"https:\/\/expeditech.nl\/?post_type=product&#038;p=1589"},"modified":"2026-04-14T19:42:31","modified_gmt":"2026-04-14T19:42:31","slug":"cubbybox-verhoger-voor-montage-standkachel","status":"publish","type":"product","link":"https:\/\/expeditech.nl\/de\/product\/cubbybox-verhoger-voor-montage-standkachel\/","title":{"rendered":"Cubbybox-Erh\u00f6hung f\u00fcr die Montage einer Standheizung"},"content":{"rendered":"<p>Erh\u00f6hung der Cubbybox f\u00fcr die Montage einer Standheizung \u2014 bietet genug Platz f\u00fcr den Einbau einer Diesel- oder Gas-Standheizung unter der Armlehne.<\/p>\n<p>Pulverbeschichtet in Mattschwarz mit Struktur.<\/p>","protected":false},"excerpt":{"rendered":"<p>Verhoging van de cubbybox voor montage van een standkachel. Gepoedercoat in mat zwart structuur.<\/p>","protected":false},"featured_media":1590,"template":"","meta":[],"product_brand":[],"product_cat":[15],"product_tag":[],"class_list":{"0":"post-1589","1":"product","2":"type-product","3":"status-publish","4":"has-post-thumbnail","6":"product_cat-geen-categorie","7":"product_shipping_class-39","9":"first","10":"instock","11":"taxable","12":"shipping-taxable","13":"purchasable","14":"product-type-simple"},"yoast_head":"<!-- This site is optimized with the Yoast SEO plugin v27.2 - https:\/\/yoast.com\/product\/yoast-seo-wordpress\/ -->\n<title>Cubbybox verhoger voor standkachel | Expeditech<\/title>\n<meta name=\"description\" content=\"Cubbybox verhoger voor montage standkachel in Land Rover Defender. Gepoedercoat mat zwart. Bestel bij Expeditech.\" \/>\n<meta name=\"robots\" content=\"index, follow, max-snippet:-1, max-image-preview:large, max-video-preview:-1\" \/>\n<link rel=\"canonical\" href=\"https:\/\/expeditech.nl\/de\/product\/cubbybox-verhoger-voor-montage-standkachel\/\" \/>\n<meta property=\"og:locale\" content=\"de_DE\" \/>\n<meta property=\"og:type\" content=\"article\" \/>\n<meta property=\"og:title\" content=\"Cubbybox verhoger voor standkachel | Expeditech\" \/>\n<meta property=\"og:description\" content=\"Cubbybox verhoger voor montage standkachel in Land Rover Defender. Gepoedercoat mat zwart. Bestel bij Expeditech.\" \/>\n<meta property=\"og:url\" content=\"https:\/\/expeditech.nl\/de\/product\/cubbybox-verhoger-voor-montage-standkachel\/\" \/>\n<meta property=\"og:site_name\" content=\"Expeditech reistechniek\" \/>\n<meta property=\"article:publisher\" content=\"http:\/\/www.faceboo.com\/expeditech\" \/>\n<meta property=\"article:modified_time\" content=\"2026-04-14T19:42:31+00:00\" \/>\n<meta property=\"og:image\" content=\"https:\/\/expeditech.nl\/wp-content\/uploads\/2026\/03\/cubbytrans.png\" \/>\n\t<meta property=\"og:image:width\" content=\"2000\" \/>\n\t<meta property=\"og:image:height\" content=\"1500\" \/>\n\t<meta property=\"og:image:type\" content=\"image\/png\" \/>\n<meta name=\"twitter:card\" content=\"summary_large_image\" \/>\n<script type=\"application\/ld+json\" class=\"yoast-schema-graph\">{\"@context\":\"https:\/\/schema.org\",\"@graph\":[{\"@type\":\"WebPage\",\"@id\":\"https:\/\/expeditech.nl\/product\/cubbybox-verhoger-voor-montage-standkachel\/\",\"url\":\"https:\/\/expeditech.nl\/product\/cubbybox-verhoger-voor-montage-standkachel\/\",\"name\":\"Cubbybox verhoger voor standkachel | Expeditech\",\"isPartOf\":{\"@id\":\"https:\/\/expeditech.nl\/#website\"},\"primaryImageOfPage\":{\"@id\":\"https:\/\/expeditech.nl\/product\/cubbybox-verhoger-voor-montage-standkachel\/#primaryimage\"},\"image\":{\"@id\":\"https:\/\/expeditech.nl\/product\/cubbybox-verhoger-voor-montage-standkachel\/#primaryimage\"},\"thumbnailUrl\":\"https:\/\/expeditech.nl\/wp-content\/uploads\/2026\/03\/cubbytrans.png\",\"datePublished\":\"2026-03-30T07:05:42+00:00\",\"dateModified\":\"2026-04-14T19:42:31+00:00\",\"description\":\"Cubbybox verhoger voor montage standkachel in Land Rover Defender. Gepoedercoat mat zwart. Bestel bij Expeditech.\",\"breadcrumb\":{\"@id\":\"https:\/\/expeditech.nl\/product\/cubbybox-verhoger-voor-montage-standkachel\/#breadcrumb\"},\"inLanguage\":\"de\",\"potentialAction\":[{\"@type\":\"ReadAction\",\"target\":[\"https:\/\/expeditech.nl\/product\/cubbybox-verhoger-voor-montage-standkachel\/\"]}]},{\"@type\":\"ImageObject\",\"inLanguage\":\"de\",\"@id\":\"https:\/\/expeditech.nl\/product\/cubbybox-verhoger-voor-montage-standkachel\/#primaryimage\",\"url\":\"https:\/\/expeditech.nl\/wp-content\/uploads\/2026\/03\/cubbytrans.png\",\"contentUrl\":\"https:\/\/expeditech.nl\/wp-content\/uploads\/2026\/03\/cubbytrans.png\",\"width\":2000,\"height\":1500,\"caption\":\"Cubbybox verhoger voor standkachel montage\"},{\"@type\":\"BreadcrumbList\",\"@id\":\"https:\/\/expeditech.nl\/product\/cubbybox-verhoger-voor-montage-standkachel\/#breadcrumb\",\"itemListElement\":[{\"@type\":\"ListItem\",\"position\":1,\"name\":\"Home\",\"item\":\"https:\/\/expeditech.nl\/\"},{\"@type\":\"ListItem\",\"position\":2,\"name\":\"Shop\",\"item\":\"https:\/\/expeditech.nl\/shop\/\"},{\"@type\":\"ListItem\",\"position\":3,\"name\":\"Cubbybox verhoger voor montage standkachel\"}]},{\"@type\":\"WebSite\",\"@id\":\"https:\/\/expeditech.nl\/#website\",\"url\":\"https:\/\/expeditech.nl\/\",\"name\":\"Expeditech reistechniek\",\"description\":\"Defender hefdaken en reisprodukten\",\"publisher\":{\"@id\":\"https:\/\/expeditech.nl\/#organization\"},\"potentialAction\":[{\"@type\":\"SearchAction\",\"target\":{\"@type\":\"EntryPoint\",\"urlTemplate\":\"https:\/\/expeditech.nl\/?s={search_term_string}\"},\"query-input\":{\"@type\":\"PropertyValueSpecification\",\"valueRequired\":true,\"valueName\":\"search_term_string\"}}],\"inLanguage\":\"de\"},{\"@type\":\"Organization\",\"@id\":\"https:\/\/expeditech.nl\/#organization\",\"name\":\"Expeditech reistechniek\",\"url\":\"https:\/\/expeditech.nl\/\",\"logo\":{\"@type\":\"ImageObject\",\"inLanguage\":\"de\",\"@id\":\"https:\/\/expeditech.nl\/#\/schema\/logo\/image\/\",\"url\":\"https:\/\/expeditech.nl\/wp-content\/uploads\/2021\/10\/Asset-1.png\",\"contentUrl\":\"https:\/\/expeditech.nl\/wp-content\/uploads\/2021\/10\/Asset-1.png\",\"width\":595,\"height\":123,\"caption\":\"Expeditech reistechniek\"},\"image\":{\"@id\":\"https:\/\/expeditech.nl\/#\/schema\/logo\/image\/\"},\"sameAs\":[\"http:\/\/www.faceboo.com\/expeditech\"]}]}<\/script>\n<!-- \/ Yoast SEO plugin. -->","yoast_head_json":{"title":"Cubbybox-Erh\u00f6hung f\u00fcr Standheizung | Expeditech","description":"Cubbybox-Erh\u00f6hung f\u00fcr Standheizungsmontage im Land Rover Defender. Pulverbeschichtet mattschwarz. Bestellen bei Expeditech.","robots":{"index":"index","follow":"follow","max-snippet":"max-snippet:-1","max-image-preview":"max-image-preview:large","max-video-preview":"max-video-preview:-1"},"canonical":"https:\/\/expeditech.nl\/de\/product\/cubbybox-verhoger-voor-montage-standkachel\/","og_locale":"de_DE","og_type":"article","og_title":"Cubbybox verhoger voor standkachel | Expeditech","og_description":"Cubbybox verhoger voor montage standkachel in Land Rover Defender. Gepoedercoat mat zwart. Bestel bij Expeditech.","og_url":"https:\/\/expeditech.nl\/de\/product\/cubbybox-verhoger-voor-montage-standkachel\/","og_site_name":"Expeditech reistechniek","article_publisher":"http:\/\/www.faceboo.com\/expeditech","article_modified_time":"2026-04-14T19:42:31+00:00","og_image":[{"width":2000,"height":1500,"url":"https:\/\/expeditech.nl\/wp-content\/uploads\/2026\/03\/cubbytrans.png","type":"image\/png"}],"twitter_card":"summary_large_image","schema":{"@context":"https:\/\/schema.org","@graph":[{"@type":"WebPage","@id":"https:\/\/expeditech.nl\/product\/cubbybox-verhoger-voor-montage-standkachel\/","url":"https:\/\/expeditech.nl\/product\/cubbybox-verhoger-voor-montage-standkachel\/","name":"Cubbybox-Erh\u00f6hung f\u00fcr Standheizung | Expeditech","isPartOf":{"@id":"https:\/\/expeditech.nl\/#website"},"primaryImageOfPage":{"@id":"https:\/\/expeditech.nl\/product\/cubbybox-verhoger-voor-montage-standkachel\/#primaryimage"},"image":{"@id":"https:\/\/expeditech.nl\/product\/cubbybox-verhoger-voor-montage-standkachel\/#primaryimage"},"thumbnailUrl":"https:\/\/expeditech.nl\/wp-content\/uploads\/2026\/03\/cubbytrans.png","datePublished":"2026-03-30T07:05:42+00:00","dateModified":"2026-04-14T19:42:31+00:00","description":"Cubbybox-Erh\u00f6hung f\u00fcr Standheizungsmontage im Land Rover Defender. Pulverbeschichtet mattschwarz. Bestellen bei Expeditech.","breadcrumb":{"@id":"https:\/\/expeditech.nl\/product\/cubbybox-verhoger-voor-montage-standkachel\/#breadcrumb"},"inLanguage":"de","potentialAction":[{"@type":"ReadAction","target":["https:\/\/expeditech.nl\/product\/cubbybox-verhoger-voor-montage-standkachel\/"]}]},{"@type":"ImageObject","inLanguage":"de","@id":"https:\/\/expeditech.nl\/product\/cubbybox-verhoger-voor-montage-standkachel\/#primaryimage","url":"https:\/\/expeditech.nl\/wp-content\/uploads\/2026\/03\/cubbytrans.png","contentUrl":"https:\/\/expeditech.nl\/wp-content\/uploads\/2026\/03\/cubbytrans.png","width":2000,"height":1500,"caption":"Cubbybox verhoger voor standkachel montage"},{"@type":"BreadcrumbList","@id":"https:\/\/expeditech.nl\/product\/cubbybox-verhoger-voor-montage-standkachel\/#breadcrumb","itemListElement":[{"@type":"ListItem","position":1,"name":"Home","item":"https:\/\/expeditech.nl\/"},{"@type":"ListItem","position":2,"name":"Shop","item":"https:\/\/expeditech.nl\/shop\/"},{"@type":"ListItem","position":3,"name":"Cubbybox verhoger voor montage standkachel"}]},{"@type":"WebSite","@id":"https:\/\/expeditech.nl\/#website","url":"https:\/\/expeditech.nl\/","name":"Expeditech-Reisetechnologie","description":"Defender Aufstelld\u00e4cher und Reiseprodukte","publisher":{"@id":"https:\/\/expeditech.nl\/#organization"},"potentialAction":[{"@type":"SearchAction","target":{"@type":"EntryPoint","urlTemplate":"https:\/\/expeditech.nl\/?s={search_term_string}"},"query-input":{"@type":"PropertyValueSpecification","valueRequired":true,"valueName":"search_term_string"}}],"inLanguage":"de"},{"@type":"Organization","@id":"https:\/\/expeditech.nl\/#organization","name":"Expeditech-Reisetechnologie","url":"https:\/\/expeditech.nl\/","logo":{"@type":"ImageObject","inLanguage":"de","@id":"https:\/\/expeditech.nl\/#\/schema\/logo\/image\/","url":"https:\/\/expeditech.nl\/wp-content\/uploads\/2021\/10\/Asset-1.png","contentUrl":"https:\/\/expeditech.nl\/wp-content\/uploads\/2021\/10\/Asset-1.png","width":595,"height":123,"caption":"Expeditech reistechniek"},"image":{"@id":"https:\/\/expeditech.nl\/#\/schema\/logo\/image\/"},"sameAs":["http:\/\/www.faceboo.com\/expeditech"]}]}},"_links":{"self":[{"href":"https:\/\/expeditech.nl\/de\/wp-json\/wp\/v2\/product\/1589","targetHints":{"allow":["GET"]}}],"collection":[{"href":"https:\/\/expeditech.nl\/de\/wp-json\/wp\/v2\/product"}],"about":[{"href":"https:\/\/expeditech.nl\/de\/wp-json\/wp\/v2\/types\/product"}],"wp:featuredmedia":[{"embeddable":true,"href":"https:\/\/expeditech.nl\/de\/wp-json\/wp\/v2\/media\/1590"}],"wp:attachment":[{"href":"https:\/\/expeditech.nl\/de\/wp-json\/wp\/v2\/media?parent=1589"}],"wp:term":[{"taxonomy":"product_brand","embeddable":true,"href":"https:\/\/expeditech.nl\/de\/wp-json\/wp\/v2\/product_brand?post=1589"},{"taxonomy":"product_cat","embeddable":true,"href":"https:\/\/expeditech.nl\/de\/wp-json\/wp\/v2\/product_cat?post=1589"},{"taxonomy":"product_tag","embeddable":true,"href":"https:\/\/expeditech.nl\/de\/wp-json\/wp\/v2\/product_tag?post=1589"}],"curies":[{"name":"wp","href":"https:\/\/api.w.org\/{rel}","templated":true}]}}